{"id":5,"date":"2026-04-23T18:14:07","date_gmt":"2026-04-23T16:14:07","guid":{"rendered":"https:\/\/sites.automatix.dev-econcepto.com\/wp_2\/a-propos\/"},"modified":"2026-04-23T18:14:07","modified_gmt":"2026-04-23T16:14:07","slug":"a-propos","status":"publish","type":"page","link":"https:\/\/sites.automatix.dev-econcepto.com\/wp_2\/a-propos\/","title":{"rendered":"A propos"},"content":{"rendered":"\n<div id=\"about\" class=\"wp-block-group section-about has-global-padding is-layout-constrained wp-block-group-is-layout-constrained\">\n\n\n<h2 class=\"wp-block-heading has-text-align-center\">\u00c0 propos<\/h2>\n\n\n\n<p class=\"has-text-align-center\">Plombier professionnel proposant des services rapides et fiables pour l\u2019installation, l\u2019entretien et le d\u00e9pannage de vos \u00e9quipements sanitaires, avec une intervention efficace et adapt\u00e9e \u00e0 vos besoins.<\/p>\n\n\n<\/div>\n","protected":false},"excerpt":{"rendered":"<p>\u00c0 propos Plombier professionnel proposant des services rapides et fiables pour l\u2019installation, l\u2019entretien et le d\u00e9pannage de vos \u00e9quipements sanitaires, avec une intervention efficace et adapt\u00e9e \u00e0 vos besoins.<\/p>\n","protected":false},"author":0,"featured_media":0,"parent":0,"menu_order":0,"comment_status":"closed","ping_status":"closed","template":"","meta":{"footnotes":""},"class_list":["post-5","page","type-page","status-publish","hentry"],"_links":{"self":[{"href":"https:\/\/sites.automatix.dev-econcepto.com\/wp_2\/wp-json\/wp\/v2\/pages\/5","targetHints":{"allow":["GET"]}}],"collection":[{"href":"https:\/\/sites.automatix.dev-econcepto.com\/wp_2\/wp-json\/wp\/v2\/pages"}],"about":[{"href":"https:\/\/sites.automatix.dev-econcepto.com\/wp_2\/wp-json\/wp\/v2\/types\/page"}],"replies":[{"embeddable":true,"href":"https:\/\/sites.automatix.dev-econcepto.com\/wp_2\/wp-json\/wp\/v2\/comments?post=5"}],"version-history":[{"count":0,"href":"https:\/\/sites.automatix.dev-econcepto.com\/wp_2\/wp-json\/wp\/v2\/pages\/5\/revisions"}],"wp:attachment":[{"href":"https:\/\/sites.automatix.dev-econcepto.com\/wp_2\/wp-json\/wp\/v2\/media?parent=5"}],"curies":[{"name":"wp","href":"https:\/\/api.w.org\/{rel}","templated":true}]}}